{"id":44,"date":"2020-08-27T12:21:35","date_gmt":"2020-08-27T12:21:35","guid":{"rendered":"https:\/\/ergocentre.fr\/?page_id=44"},"modified":"2021-10-12T09:16:13","modified_gmt":"2021-10-12T09:16:13","slug":"contact","status":"publish","type":"page","link":"https:\/\/ergocentre.fr\/en\/contact\/","title":{"rendered":"Contact"},"content":{"rendered":"<div class=\"wp-block-columns contact-description is-layout-flex wp-container-10\">\n<div class=\"wp-block-column is-layout-flow\">\n<p class=\"has-vert-color has-text-color has-body-2-font-size\"><strong>Adresse<\/strong><\/p>\n\n\n\n<p class=\"has-vert-color has-text-color has-body-2-font-size\">63 bis Quai de Prague<br>45100 Orl\u00e9ans<\/p>\n<\/div>\n\n\n\n<div class=\"wp-block-column is-layout-flow\">\n<p class=\"has-vert-color has-text-color\"><strong>T\u00e9l\u00e9phone<\/strong><\/p>\n\n\n\n<p class=\"has-vert-color has-text-color has-body-2-font-size\"><a href=\"tel:0228573867\">02 38 57 38 67<\/a><\/p>\n<\/div>\n\n\n\n<div class=\"wp-block-column is-layout-flow\">\n<p class=\"has-vert-color has-text-color\"><strong>E-mail<\/strong><\/p>\n\n\n\n<p class=\"has-vert-color has-text-color has-body-2-font-size\"><a href=\"mailto:contact@ergo-centre.fr\">contact@ergo-centre.fr<\/a><\/p>\n<\/div>\n\n\n\n<div class=\"wp-block-column is-layout-flow\">\n<p class=\"has-vert-color has-text-color\"><strong>R\u00e9seaux sociaux<\/strong><\/p>\n\n\n\n<div class=\"wp-block-columns is-layout-flex wp-container-8\">\n<div class=\"wp-block-column is-layout-flow\">\n<figure class=\"wp-block-image size-large is-style-rounded\"><a href=\"https:\/\/www.linkedin.com\/company\/ergocentre\/\" target=\"_blank\" rel=\"noopener noreferrer\"><img decoding=\"async\" src=\"https:\/\/ergocentre.fr\/wp-content\/uploads\/2020\/10\/linkedin-vert-1.svg\" alt=\"\" class=\"wp-image-746\"\/><\/a><\/figure>\n<\/div>\n\n\n\n<div class=\"wp-block-column is-layout-flow\">\n<figure class=\"wp-block-image size-large\"><a href=\"https:\/\/www.facebook.com\/pages\/category\/Consulting-Agency\/ergocentre\/about\/#\" target=\"_blank\" rel=\"noopener noreferrer\"><img decoding=\"async\" src=\"https:\/\/ergocentre.fr\/wp-content\/uploads\/2020\/10\/facebook-vert-1.svg\" alt=\"\" class=\"wp-image-739\"\/><\/a><\/figure>\n<\/div>\n\n\n\n<div class=\"wp-block-column is-layout-flow\">\n<figure class=\"wp-block-image size-large\"><a href=\"https:\/\/www.google.com\/url?sa=t&amp;rct=j&amp;q=&amp;esrc=s&amp;source=web&amp;cd=&amp;cad=rja&amp;uact=8&amp;ved=2ahUKEwiPmdHi5rvsAhUZDmMBHegMDO0QFjAAegQIBRAC&amp;url=https%3A%2F%2Fwww.instagram.com%2Fergocentre%2F&amp;usg=AOvVaw0cFWz_cqSiK0NQLOT3KE_y\" target=\"_blank\" rel=\"noopener noreferrer\"><img decoding=\"async\" src=\"https:\/\/ergocentre.fr\/wp-content\/uploads\/2020\/10\/insta-vert-1.svg\" alt=\"\" class=\"wp-image-745\"\/><\/a><\/figure>\n<\/div>\n\n\n\n<div class=\"wp-block-column is-layout-flow\">\n<figure class=\"wp-block-image size-large\"><a href=\"https:\/\/www.google.com\/url?sa=t&amp;rct=j&amp;q=&amp;esrc=s&amp;source=web&amp;cd=&amp;cad=rja&amp;uact=8&amp;ved=2ahUKEwif_Lrr5rvsAhUK6OAKHY_sCJoQFjAAegQIAhAC&amp;url=https%3A%2F%2Ftwitter.com%2FErgocentre&amp;usg=AOvVaw09GFG2-5hi2jmxoKwmeOXM\" target=\"_blank\" rel=\"noopener noreferrer\"><img decoding=\"async\" src=\"https:\/\/ergocentre.fr\/wp-content\/uploads\/2020\/10\/twitter-vert-1.svg\" alt=\"\" class=\"wp-image-748\"\/><\/a><\/figure>\n<\/div>\n<\/div>\n<\/div>\n<\/div>\n\n\n\n<div class=\"wp-block-group contact-formulaire\"><div class=\"wp-block-group__inner-container is-layout-flow\">\n<div class=\"wpcf7 no-js\" id=\"wpcf7-f575-o1\" lang=\"fr-FR\" dir=\"ltr\">\n<div class=\"screen-reader-response\"><p role=\"status\" aria-live=\"polite\" aria-atomic=\"true\"><\/p> <ul><\/ul><\/div>\n<form action=\"\/en\/wp-json\/wp\/v2\/pages\/44#wpcf7-f575-o1\" method=\"post\" class=\"wpcf7-form init\" aria-label=\"Formulaire de contact\" enctype=\"multipart\/form-data\" novalidate=\"novalidate\" data-status=\"init\" data-trp-original-action=\"\/en\/wp-json\/wp\/v2\/pages\/44#wpcf7-f575-o1\">\n<div style=\"display: none;\">\n<input type=\"hidden\" name=\"_wpcf7\" value=\"575\" \/>\n<input type=\"hidden\" name=\"_wpcf7_version\" value=\"5.7.7\" \/>\n<input type=\"hidden\" name=\"_wpcf7_locale\" value=\"fr_FR\" \/>\n<input type=\"hidden\" name=\"_wpcf7_unit_tag\" value=\"wpcf7-f575-o1\" \/>\n<input type=\"hidden\" name=\"_wpcf7_container_post\" value=\"0\" \/>\n<input type=\"hidden\" name=\"_wpcf7_posted_data_hash\" value=\"\" \/>\n<\/div>\n<h5 class=\"has-vert-color has-text-color\">Ou contactez-nous via notre formulaire\n<\/h5>\n<p><label><input size=\"40\" class=\"wpcf7-form-control wpcf7-text wpcf7-validates-as-required required\" aria-required=\"true\" aria-invalid=\"false\" placeholder=\"\u00c0 propos de ...\" value=\"\" type=\"text\" name=\"your-subject\" \/><\/label>\n<\/p>\n<div class=\"wp-block-columns\">\n\t<div class=\"wp-block-column\">\n\t\t<p><label><input size=\"40\" class=\"wpcf7-form-control wpcf7-text wpcf7-validates-as-required required\" aria-required=\"true\" aria-invalid=\"false\" placeholder=\"*Pr\u00e9nom\" value=\"\" type=\"text\" name=\"surname\" \/><\/label>\n\t\t<\/p>\n\t<\/div>\n\t<div class=\"wp-block-column\">\n\t\t<p><label><input size=\"40\" class=\"wpcf7-form-control wpcf7-text wpcf7-validates-as-required required\" aria-required=\"true\" aria-invalid=\"false\" placeholder=\"*Nom\" value=\"\" type=\"text\" name=\"your-name\" \/><\/label>\n\t\t<\/p>\n\t<\/div>\n<\/div>\n<div class=\"wp-block-columns\">\n\t<div class=\"wp-block-column\">\n\t\t<p><label><input size=\"40\" class=\"wpcf7-form-control wpcf7-text wpcf7-tel wpcf7-validates-as-tel\" aria-invalid=\"false\" placeholder=\"T\u00e9l\u00e9phone\" value=\"\" type=\"tel\" name=\"tel\" \/><\/label>\n\t\t<\/p>\n\t<\/div>\n\t<div class=\"wp-block-column\">\n\t\t<p><label><input size=\"40\" class=\"wpcf7-form-control wpcf7-text wpcf7-email wpcf7-validates-as-required wpcf7-validates-as-email required\" aria-required=\"true\" aria-invalid=\"false\" placeholder=\"*E-mail\" value=\"\" type=\"email\" name=\"email\" \/><\/label>\n\t\t<\/p>\n\t<\/div>\n<\/div>\n<div class=\"wp-block-columns\">\n\t<div class=\"wp-block-column\">\n\t\t<p><input size=\"40\" class=\"wpcf7-form-control wpcf7-file\" id=\"piece-jointe\" accept=\"audio\/*,video\/*,image\/*\" aria-invalid=\"false\" type=\"file\" name=\"piece-jointe\" \/><label for=\"piece-jointe\">Ajout d\u2019une pi\u00e8ce jointe (5mo Max)<\/label>\n\t\t<\/p>\n\t<\/div>\n\t<div class=\"wp-block-column\">\n\t\t<p><label><input size=\"40\" class=\"wpcf7-form-control wpcf7-text\" aria-invalid=\"false\" placeholder=\"Soci\u00e9t\u00e9\" value=\"\" type=\"text\" name=\"societe\" \/><\/label>\n\t\t<\/p>\n\t<\/div>\n<\/div>\n<p class=\"has-rouge-color has-body-2-font-size\">*Votre message\n<\/p>\n<p><label><textarea cols=\"40\" rows=\"10\" class=\"wpcf7-form-control wpcf7-textarea wpcf7-validates-as-required required\" aria-required=\"true\" aria-invalid=\"false\" placeholder=\"500 caract\u00e8res max\" name=\"message\"><\/textarea><\/label>\n<\/p>\n<p class=\"has-vert-color has-caption-font-size\">Les champs comportant une * sont obligatoires.<br \/>\nErgocentre s'engage a respecter la confidentialit\u00e9 des donn\u00e9es personnelles r\u00e9colt\u00e9es pr\u00e9c\u00e9demment.\n<\/p>\n<p class=\"has-vert-color has-caption-font-size\"><span class=\"wpcf7-form-control wpcf7-acceptance\"><span class=\"wpcf7-list-item\"><input type=\"checkbox\" name=\"acceptance\" value=\"1\" class=\"required\" aria-invalid=\"false\" \/><\/span><\/span>En soumettant ce formulaire, j'accepte qu'Ergocentre utilise mes donn\u00e9es personnelles pour me recontacter.\n<\/p>\n<p><input class=\"wpcf7-form-control has-spinner wpcf7-submit\" type=\"submit\" value=\"ENVOYER\" \/>\n<\/p><p style=\"display: none !important;\"><label>&#916;<textarea name=\"_wpcf7_ak_hp_textarea\" cols=\"45\" rows=\"8\" maxlength=\"100\"><\/textarea><\/label><input type=\"hidden\" id=\"ak_js_1\" name=\"_wpcf7_ak_js\" value=\"130\"\/>\n<script>document.getElementById( \"ak_js_1\" ).setAttribute( \"value\", ( new Date() ).getTime() );<\/script>\n<\/p><div class=\"wpcf7-response-output\" aria-hidden=\"true\"><\/div>\n<input type=\"hidden\" name=\"trp-form-language\" value=\"en\"\/><\/form>\n<\/div>\n\n<\/div><\/div>\n\n\n<div class=\"contact-map\">\n\t<div class=\"contact-map-desc\">\n\t\t<div class=\"contact-map-desc-wrap\">\n\t\t\t\t\t\t\t<div class=\"contact-map-desc-transports\">\n\t\t\t\t\t<img decoding=\"async\" src=\"\"\/>\n\t\t\t\t\t<h6 class=\"has-vert-color font-bold\">Venir en tramway<\/h6>\n\t\t\t\t<\/div>\n\t\t\t\t\t\t\t\t\t\t\t\t\t\t\t<div class=\"contact-map-desc-transports\">\n\t\t\t\t\t\t\t<img decoding=\"async\" src=\"\">\n\t\t\t\t\t\t\t<p class=\"has-body-3-font-size has-vert-color\">Tourelles-Dauphine (5mn \u00e0 pied)<\/p>\n\t\t\t\t\t\t<\/div>\n\t\t\t\t\t\t\t\t\t\t\t\t\t\t<\/div>\n\t\t<div class=\"contact-map-desc-wrap\">\n\t\t\t\t\t\t\t<div class=\"contact-map-desc-transports\">\n\t\t\t\t\t<img decoding=\"async\" src=\"\"\/>\n\t\t\t\t\t<h6 class=\"has-vert-color font-bold\">Venir en bus<\/h6>\n\t\t\t\t<\/div>\n\t\t\t\t\t\t\t\t\t\t\t\t\t\t\t<div class=\"contact-map-desc-transports\">\n\t\t\t\t\t\t\t<img decoding=\"async\" src=\"https:\/\/ergocentre.fr\/wp-content\/uploads\/2021\/07\/Capture-e1627632569151.png\">\n\t\t\t\t\t\t\t<p class=\"has-body-3-font-size has-vert-color\">Tourelles-Dauphine (5mn \u00e0 pied)<\/p>\n\t\t\t\t\t\t<\/div>\n\t\t\t\t\t\t\t\t\t\t\t<div class=\"contact-map-desc-transports\">\n\t\t\t\t\t\t\t<img decoding=\"async\" src=\"https:\/\/ergocentre.fr\/wp-content\/uploads\/2021\/07\/Capture-e1627632569151.png\">\n\t\t\t\t\t\t\t<p class=\"has-body-3-font-size has-vert-color\">Jardin des Plantes (1mn \u00e0 pied)<\/p>\n\t\t\t\t\t\t<\/div>\n\t\t\t\t\t\t\t\t\t\t\t<div class=\"contact-map-desc-transports\">\n\t\t\t\t\t\t\t<img decoding=\"async\" src=\"https:\/\/ergocentre.fr\/wp-content\/uploads\/2021\/07\/Capture1-e1627632923900.png\">\n\t\t\t\t\t\t\t<p class=\"has-body-3-font-size has-vert-color\">Lab&rsquo;O (5mn \u00e0 pied)<\/p>\n\t\t\t\t\t\t<\/div>\n\t\t\t\t\t\t\t\t\t\t\t<div class=\"contact-map-desc-transports\">\n\t\t\t\t\t\t\t<img decoding=\"async\" src=\"https:\/\/ergocentre.fr\/wp-content\/uploads\/2021\/07\/Capture5-e1627633077191.png\">\n\t\t\t\t\t\t\t<p class=\"has-body-3-font-size has-vert-color\">Lab&rsquo;O (8mn \u00e0 pied)<\/p>\n\t\t\t\t\t\t<\/div>\n\t\t\t\t\t\t\t\t\t\t\t\t\t\t<\/div>\n\t\t<div class=\"contact-map-desc-wrap\">\n\t\t\t\t\t\t\t<div class=\"contact-map-desc-transports\">\n\t\t\t\t\t<img decoding=\"async\" src=\"\"\/>\n\t\t\t\t\t<h6 class=\"has-vert-color font-bold\">Venir en voiture<\/h6>\n\t\t\t\t<\/div>\n\t\t\t\t\t\t\t\t\t\t\t\t\t\t\t<div class=\"contact-map-desc-transports\">\n\t\t\t\t\t\t\t<div class=\"no-image-transports\"><\/div>\n\t\t\t\t\t\t\t<p class=\"has-body-3-font-size has-vert-color\">Places disponibles aux alentours<\/p>\n\t\t\t\t\t\t<\/div>\n\t\t\t\t\t\t\t\t\t\t\t\t\t\t<\/div>\n\t\t<div class=\"contact-map-desc-wrap\">\n\t\t\t\t\t\t\t<div class=\"contact-map-desc-transports\">\n\t\t\t\t\t<img decoding=\"async\" src=\"\"\/>\n\t\t\t\t\t<h6 class=\"has-vert-color font-bold\">Venir en bateau<\/h6>\n\t\t\t\t<\/div>\n\t\t\t\t\t\t\t\t\t\t\t\t\t\t\t<div class=\"contact-map-desc-transports\">\n\t\t\t\t\t\t\t<div class=\"no-image-transports\"><\/div>\n\t\t\t\t\t\t\t<p class=\"has-body-3-font-size has-vert-color\">Bon courage&nbsp;!<\/p>\n\t\t\t\t\t\t<\/div>\n\t\t\t\t\t\t\t\t\t\t\t\t\t\t<\/div>\n\t<\/div>\n\t<div class=\"contact-map-iframe full-width\">\n\t\t<div class=\"contact-map-iframe-overlay\"><\/div>\n\t\t<iframe loading=\"lazy\" allowfullscreen=\"no\" scrolling=\"no\" width=\"60%\" height=\"100%\" src=\"https:\/\/www.google.com\/maps\/embed?pb=!1m18!1m12!1m3!1d2675.216489859448!2d1.8978388156404915!3d47.89349497920471!2m3!1f0!2f0!3f0!3m2!1i1024!2i768!4f13.1!3m3!1m2!1s0x47e4e54866e86b29%3A0x8d0d72584685406b!2s63%20bis%20Quai%20de%20Prague%2C%2045100%20Orl%C3%A9ans!5e0!3m2!1sfr!2sfr!4v1627900542314!5m2!1sfr!2sfr\"><\/iframe>\n\t<\/div>\n<\/div>","protected":false},"excerpt":{"rendered":"<p>Adresse 63 bis Quai de Prague45100 Orl\u00e9ans T\u00e9l\u00e9phone 02 38 57 38 67 E-mail contact@ergo-centre.fr R\u00e9seaux sociaux<\/p>","protected":false},"author":1,"featured_media":0,"parent":0,"menu_order":0,"comment_status":"closed","ping_status":"closed","template":"","meta":{"om_disable_all_campaigns":false,"_mi_skip_tracking":false,"_monsterinsights_sitenote_active":false,"_monsterinsights_sitenote_note":"","_monsterinsights_sitenote_category":0},"yoast_head":"<!-- This site is optimized with the Yoast SEO plugin v21.5 - https:\/\/yoast.com\/wordpress\/plugins\/seo\/ -->\n<title>Contact - ergocentre<\/title>\n<meta name=\"robots\" content=\"index, follow, max-snippet:-1, max-image-preview:large, max-video-preview:-1\" \/>\n<link rel=\"canonical\" href=\"https:\/\/ergocentre.fr\/en\/contact\/\" \/>\n<meta property=\"og:locale\" content=\"en_US\" \/>\n<meta property=\"og:type\" content=\"article\" \/>\n<meta property=\"og:title\" content=\"Contact - ergocentre\" \/>\n<meta property=\"og:description\" content=\"Adresse 63 bis Quai de Prague45100 Orl\u00e9ans T\u00e9l\u00e9phone 02 38 57 38 67 E-mail contact@ergo-centre.fr R\u00e9seaux sociaux\" \/>\n<meta property=\"og:url\" content=\"https:\/\/ergocentre.fr\/en\/contact\/\" \/>\n<meta property=\"og:site_name\" content=\"ergocentre\" \/>\n<meta property=\"article:publisher\" content=\"https:\/\/www.facebook.com\/ergocentre\/\" \/>\n<meta property=\"article:modified_time\" content=\"2021-10-12T09:16:13+00:00\" \/>\n<meta property=\"og:image\" content=\"https:\/\/ergocentre.fr\/wp-content\/uploads\/2020\/10\/linkedin-vert-1.svg\" \/>\n<meta name=\"twitter:card\" content=\"summary_large_image\" \/>\n<script type=\"application\/ld+json\" class=\"yoast-schema-graph\">{\"@context\":\"https:\/\/schema.org\",\"@graph\":[{\"@type\":\"WebPage\",\"@id\":\"https:\/\/ergocentre.fr\/contact\/\",\"url\":\"https:\/\/ergocentre.fr\/contact\/\",\"name\":\"Contact - ergocentre\",\"isPartOf\":{\"@id\":\"https:\/\/ergocentre.fr\/#website\"},\"datePublished\":\"2020-08-27T12:21:35+00:00\",\"dateModified\":\"2021-10-12T09:16:13+00:00\",\"breadcrumb\":{\"@id\":\"https:\/\/ergocentre.fr\/contact\/#breadcrumb\"},\"inLanguage\":\"en-US\",\"potentialAction\":[{\"@type\":\"ReadAction\",\"target\":[\"https:\/\/ergocentre.fr\/contact\/\"]}]},{\"@type\":\"BreadcrumbList\",\"@id\":\"https:\/\/ergocentre.fr\/contact\/#breadcrumb\",\"itemListElement\":[{\"@type\":\"ListItem\",\"position\":1,\"name\":\"Accueil\",\"item\":\"https:\/\/ergocentre.fr\/\"},{\"@type\":\"ListItem\",\"position\":2,\"name\":\"Contact\"}]},{\"@type\":\"WebSite\",\"@id\":\"https:\/\/ergocentre.fr\/#website\",\"url\":\"https:\/\/ergocentre.fr\/\",\"name\":\"ergocentre\",\"description\":\"Les sciences comportementales au service de l&#039;innovation\",\"publisher\":{\"@id\":\"https:\/\/ergocentre.fr\/#organization\"},\"potentialAction\":[{\"@type\":\"SearchAction\",\"target\":{\"@type\":\"EntryPoint\",\"urlTemplate\":\"https:\/\/ergocentre.fr\/?s={search_term_string}\"},\"query-input\":\"required name=search_term_string\"}],\"inLanguage\":\"en-US\"},{\"@type\":\"Organization\",\"@id\":\"https:\/\/ergocentre.fr\/#organization\",\"name\":\"ergocentre\",\"url\":\"https:\/\/ergocentre.fr\/\",\"logo\":{\"@type\":\"ImageObject\",\"inLanguage\":\"en-US\",\"@id\":\"https:\/\/ergocentre.fr\/#\/schema\/logo\/image\/\",\"url\":\"https:\/\/ergocentre.fr\/wp-content\/uploads\/2023\/11\/Logo_entier-WEB.png\",\"contentUrl\":\"https:\/\/ergocentre.fr\/wp-content\/uploads\/2023\/11\/Logo_entier-WEB.png\",\"width\":4962,\"height\":1350,\"caption\":\"ergocentre\"},\"image\":{\"@id\":\"https:\/\/ergocentre.fr\/#\/schema\/logo\/image\/\"},\"sameAs\":[\"https:\/\/www.facebook.com\/ergocentre\/\",\"https:\/\/www.linkedin.com\/company\/ergocentre\/\"]}]}<\/script>\n<!-- \/ Yoast SEO plugin. -->","yoast_head_json":{"title":"Contact - ergocentre","robots":{"index":"index","follow":"follow","max-snippet":"max-snippet:-1","max-image-preview":"max-image-preview:large","max-video-preview":"max-video-preview:-1"},"canonical":"https:\/\/ergocentre.fr\/en\/contact\/","og_locale":"en_US","og_type":"article","og_title":"Contact - ergocentre","og_description":"Adresse 63 bis Quai de Prague45100 Orl\u00e9ans T\u00e9l\u00e9phone 02 38 57 38 67 E-mail contact@ergo-centre.fr R\u00e9seaux sociaux","og_url":"https:\/\/ergocentre.fr\/en\/contact\/","og_site_name":"ergocentre","article_publisher":"https:\/\/www.facebook.com\/ergocentre\/","article_modified_time":"2021-10-12T09:16:13+00:00","og_image":[{"url":"https:\/\/ergocentre.fr\/wp-content\/uploads\/2020\/10\/linkedin-vert-1.svg"}],"twitter_card":"summary_large_image","schema":{"@context":"https:\/\/schema.org","@graph":[{"@type":"WebPage","@id":"https:\/\/ergocentre.fr\/contact\/","url":"https:\/\/ergocentre.fr\/contact\/","name":"Contact - ergocentre","isPartOf":{"@id":"https:\/\/ergocentre.fr\/#website"},"datePublished":"2020-08-27T12:21:35+00:00","dateModified":"2021-10-12T09:16:13+00:00","breadcrumb":{"@id":"https:\/\/ergocentre.fr\/contact\/#breadcrumb"},"inLanguage":"en-US","potentialAction":[{"@type":"ReadAction","target":["https:\/\/ergocentre.fr\/contact\/"]}]},{"@type":"BreadcrumbList","@id":"https:\/\/ergocentre.fr\/contact\/#breadcrumb","itemListElement":[{"@type":"ListItem","position":1,"name":"Accueil","item":"https:\/\/ergocentre.fr\/"},{"@type":"ListItem","position":2,"name":"Contact"}]},{"@type":"WebSite","@id":"https:\/\/ergocentre.fr\/#website","url":"https:\/\/ergocentre.fr\/","name":"ergocentre","description":"Les sciences comportementales au service de l&#039;innovation","publisher":{"@id":"https:\/\/ergocentre.fr\/#organization"},"potentialAction":[{"@type":"SearchAction","target":{"@type":"EntryPoint","urlTemplate":"https:\/\/ergocentre.fr\/?s={search_term_string}"},"query-input":"required name=search_term_string"}],"inLanguage":"en-US"},{"@type":"Organization","@id":"https:\/\/ergocentre.fr\/#organization","name":"ergocentre","url":"https:\/\/ergocentre.fr\/","logo":{"@type":"ImageObject","inLanguage":"en-US","@id":"https:\/\/ergocentre.fr\/#\/schema\/logo\/image\/","url":"https:\/\/ergocentre.fr\/wp-content\/uploads\/2023\/11\/Logo_entier-WEB.png","contentUrl":"https:\/\/ergocentre.fr\/wp-content\/uploads\/2023\/11\/Logo_entier-WEB.png","width":4962,"height":1350,"caption":"ergocentre"},"image":{"@id":"https:\/\/ergocentre.fr\/#\/schema\/logo\/image\/"},"sameAs":["https:\/\/www.facebook.com\/ergocentre\/","https:\/\/www.linkedin.com\/company\/ergocentre\/"]}]}},"_links":{"self":[{"href":"https:\/\/ergocentre.fr\/en\/wp-json\/wp\/v2\/pages\/44"}],"collection":[{"href":"https:\/\/ergocentre.fr\/en\/wp-json\/wp\/v2\/pages"}],"about":[{"href":"https:\/\/ergocentre.fr\/en\/wp-json\/wp\/v2\/types\/page"}],"author":[{"embeddable":true,"href":"https:\/\/ergocentre.fr\/en\/wp-json\/wp\/v2\/users\/1"}],"replies":[{"embeddable":true,"href":"https:\/\/ergocentre.fr\/en\/wp-json\/wp\/v2\/comments?post=44"}],"version-history":[{"count":38,"href":"https:\/\/ergocentre.fr\/en\/wp-json\/wp\/v2\/pages\/44\/revisions"}],"predecessor-version":[{"id":24689,"href":"https:\/\/ergocentre.fr\/en\/wp-json\/wp\/v2\/pages\/44\/revisions\/24689"}],"wp:attachment":[{"href":"https:\/\/ergocentre.fr\/en\/wp-json\/wp\/v2\/media?parent=44"}],"curies":[{"name":"wp","href":"https:\/\/api.w.org\/{rel}","templated":true}]}}