{"id":40,"date":"2020-08-27T12:19:44","date_gmt":"2020-08-27T12:19:44","guid":{"rendered":"https:\/\/ergocentre.fr\/?page_id=40"},"modified":"2024-10-29T15:07:45","modified_gmt":"2024-10-29T15:07:45","slug":"l-equipe","status":"publish","type":"page","link":"https:\/\/ergocentre.fr\/en\/l-equipe\/","title":{"rendered":"L&rsquo;\u00e9quipe"},"content":{"rendered":"<div class=\"equipe\">\n\t<h4 class=\"has-vert-color font-bold title_margin\">L&rsquo;\u00e9quipe<\/h4>\n\t<div class=\"equipe-thumbs\">\n\t\t\t\t\t\t\t\t\t<div class=\"equipe-thumb\">\n\t\t\t\t\t<img decoding=\"async\" src=\"https:\/\/ergocentre.fr\/wp-content\/uploads\/2024\/06\/Samuel.png\">\n\t\t\t\t\t<h5 class=\"has-vert-color font-bold\">Samuel Aupetit<\/h5>\n\t\t\t\t\t<p class=\"has-rouge-color has-st-2-font-size\">PhD &#038; CEO<\/p>\n\t\t\t\t\t<p class=\"has-vert-color has-body-2-font-size\">La recherche scientifique et celle de nouveaux projets font de Samuel la figure de proue du navire Ergocentre.<\/p>\n\t\t\t\t\t\t\t\t\t\t\t<a target=\"_blank\" class=\"equipe-links icon-linkedin-rouge\" href=\"https:\/\/www.google.com\/url?sa=t&#038;rct=j&#038;q=&#038;esrc=s&#038;source=web&#038;cd=&#038;cad=rja&#038;uact=8&#038;ved=2ahUKEwiW24Gr0tnrAhV-BGMBHeq2A-oQFjAAegQIBhAB&#038;url=https%3A%2F%2Ffr.linkedin.com%2Fin%2Fsamuel-aupetit-477478158&#038;usg=AOvVaw3zw12PpdqK7ny10NBT_cnK\"><\/a>\n\t\t\t\t\t\t\t\t\t\t\t\t\t\t\t\t<a target=\"_blank\" class=\"equipe-links icon-research-gate-rouge\" href=\"https:\/\/www.google.com\/url?sa=t&#038;rct=j&#038;q=&#038;esrc=s&#038;source=web&#038;cd=&#038;cad=rja&#038;uact=8&#038;ved=2ahUKEwj13JK00tnrAhUGAWMBHVjeBu8QFjAAegQIAxAB&#038;url=https%3A%2F%2Fwww.researchgate.net%2Fprofile%2FSamuel_Aupetit2&#038;usg=AOvVaw2BtMpxB7tfa6l_Y1oedhLV\"><\/a>\n\t\t\t\t\t\t\t\t\t\t\t\t\t\t<\/div>\n\t\t\t\t\t\t\t<div class=\"equipe-thumb\">\n\t\t\t\t\t<img decoding=\"async\" src=\"https:\/\/ergocentre.fr\/wp-content\/uploads\/2024\/06\/Audrey.png\">\n\t\t\t\t\t<h5 class=\"has-vert-color font-bold\">Audrey Faurre<\/h5>\n\t\t\t\t\t<p class=\"has-rouge-color has-st-2-font-size\">Ergonome<\/p>\n\t\t\t\t\t<p class=\"has-vert-color has-body-2-font-size\">Avec son sens de l&rsquo;organisation, Audrey pense vraiment \u00e0 tout et n&rsquo;oublie pas de faire preuve de bienveillance envers les participants de nos \u00e9tudes.<\/p>\n\t\t\t\t\t\t\t\t\t\t\t<a target=\"_blank\" class=\"equipe-links icon-linkedin-rouge\" href=\"https:\/\/www.linkedin.com\/in\/audrey-faurre-0b22a2b1\/\"><\/a>\n\t\t\t\t\t\t\t\t\t\t\t\t\t\t\t\t\t\t\t<\/div>\n\t\t\t\t\t\t\t<div class=\"equipe-thumb\">\n\t\t\t\t\t<img decoding=\"async\" src=\"https:\/\/ergocentre.fr\/wp-content\/uploads\/2024\/06\/Isabelle.png\">\n\t\t\t\t\t<h5 class=\"has-vert-color font-bold\">Isabelle Hoang<\/h5>\n\t\t\t\t\t<p class=\"has-rouge-color has-st-2-font-size\">PhD Neurosciences cognitives<\/p>\n\t\t\t\t\t<p class=\"has-vert-color has-body-2-font-size\">Isabelle allie une \u00e9coute attentive \u00e0 une rigueur scientifique afin de comprendre et analyser les besoins des utilisateurs.<\/p>\n\t\t\t\t\t\t\t\t\t\t\t\t\t\t\t\t<a target=\"_blank\" class=\"equipe-links icon-research-gate-rouge\" href=\"https:\/\/www.researchgate.net\/profile\/Isabelle-Hoang\"><\/a>\n\t\t\t\t\t\t\t\t\t\t\t\t\t\t<\/div>\n\t\t\t\t\t\t\t<div class=\"equipe-thumb\">\n\t\t\t\t\t<img decoding=\"async\" src=\"https:\/\/ergocentre.fr\/wp-content\/uploads\/2024\/06\/Veronique.png\">\n\t\t\t\t\t<h5 class=\"has-vert-color font-bold\">V\u00e9ronique Moulin<\/h5>\n\t\t\t\t\t<p class=\"has-rouge-color has-st-2-font-size\">Office Manager<\/p>\n\t\t\t\t\t<p class=\"has-vert-color has-body-2-font-size\">Elle veille sur notre \u00e9quipe, nos clients, nos contrats&#8230; V\u00e9ronique est l\u2019interlocutrice privil\u00e9gi\u00e9e de toute notre partie administrative.<\/p>\n\t\t\t\t\t\t\t\t\t\t\t\t\t\t\t\t\t\t\t<\/div>\n\t\t\t\t\t\t\t<div class=\"equipe-thumb\">\n\t\t\t\t\t<img decoding=\"async\" src=\"https:\/\/ergocentre.fr\/wp-content\/uploads\/2024\/06\/Camille.png\">\n\t\t\t\t\t<h5 class=\"has-vert-color font-bold\">Camille Gillet<\/h5>\n\t\t\t\t\t<p class=\"has-rouge-color has-st-2-font-size\">Psychologue | Ergonome<\/p>\n\t\t\t\t\t<p class=\"has-vert-color has-body-2-font-size\">Sp\u00e9cialiste de l&rsquo;animation d&rsquo;ateliers, Camille saura vous faire parler de vos exp\u00e9riences.<\/p>\n\t\t\t\t\t\t\t\t\t\t\t<a target=\"_blank\" class=\"equipe-links icon-linkedin-rouge\" href=\"https:\/\/www.linkedin.com\/in\/camille-gillet\/?originalSubdomain=fr\"><\/a>\n\t\t\t\t\t\t\t\t\t\t\t\t\t\t\t\t\t\t\t<\/div>\n\t\t\t\t\t\t\t<div class=\"equipe-thumb\">\n\t\t\t\t\t<img decoding=\"async\" src=\"https:\/\/ergocentre.fr\/wp-content\/uploads\/2024\/06\/Baptiste.png\">\n\t\t\t\t\t<h5 class=\"has-vert-color font-bold\">Baptiste Lautrette<\/h5>\n\t\t\t\t\t<p class=\"has-rouge-color has-st-2-font-size\">UX Designer<\/p>\n\t\t\t\t\t<p class=\"has-vert-color has-body-2-font-size\">Son objectif&nbsp;? Faire verbaliser l&rsquo;inconscient des utilisateurs pour transformer les insights en solution diff\u00e9renciantes. <\/p>\n\t\t\t\t\t\t\t\t\t\t\t<a target=\"_blank\" class=\"equipe-links icon-linkedin-rouge\" href=\"https:\/\/www.linkedin.com\/in\/baptiste-lautrette\/\"><\/a>\n\t\t\t\t\t\t\t\t\t\t\t\t\t\t\t\t\t\t\t<\/div>\n\t\t\t\t\t\t\t<div class=\"equipe-thumb\">\n\t\t\t\t\t<img decoding=\"async\" src=\"https:\/\/ergocentre.fr\/wp-content\/uploads\/2024\/06\/Nolwenn.png\">\n\t\t\t\t\t<h5 class=\"has-vert-color font-bold\">Nolwenn Simon<\/h5>\n\t\t\t\t\t<p class=\"has-rouge-color has-st-2-font-size\">Ergonome<\/p>\n\t\t\t\t\t<p class=\"has-vert-color has-body-2-font-size\">Passionn\u00e9e de sport, Nolwenn ma\u00eetrise aussi bien nos terrains d\u2019\u00e9tude que ceux de basket.<\/p>\n\t\t\t\t\t\t\t\t\t\t\t<a target=\"_blank\" class=\"equipe-links icon-linkedin-rouge\" href=\"https:\/\/www.linkedin.com\/in\/nolwenn-simon\/\"><\/a>\n\t\t\t\t\t\t\t\t\t\t\t\t\t\t\t\t\t\t\t<\/div>\n\t\t\t\t\t\t\t<div class=\"equipe-thumb\">\n\t\t\t\t\t<img decoding=\"async\" src=\"https:\/\/ergocentre.fr\/wp-content\/uploads\/2024\/06\/Kylian.png\">\n\t\t\t\t\t<h5 class=\"has-vert-color font-bold\">Kylian Looten<\/h5>\n\t\t\t\t\t<p class=\"has-rouge-color has-st-2-font-size\">Ergonome<\/p>\n\t\t\t\t\t<p class=\"has-vert-color has-body-2-font-size\">Kylian est la force tranquille de notre \u00e9quipe. Ses qualit\u00e9s d\u2019\u00e9coute et d\u2019observation lui permettent une v\u00e9ritable immersion sur le terrain.<\/p>\n\t\t\t\t\t\t\t\t\t\t\t<a target=\"_blank\" class=\"equipe-links icon-linkedin-rouge\" href=\"https:\/\/www.linkedin.com\/in\/kylian-looten-b87557204\/\"><\/a>\n\t\t\t\t\t\t\t\t\t\t\t\t\t\t\t\t\t\t\t<\/div>\n\t\t\t\t\t\t\t<div class=\"equipe-thumb\">\n\t\t\t\t\t<img decoding=\"async\" src=\"https:\/\/ergocentre.fr\/wp-content\/uploads\/2024\/06\/Jerome.png\">\n\t\t\t\t\t<h5 class=\"has-vert-color font-bold\">J\u00e9r\u00f4me Surmont<\/h5>\n\t\t\t\t\t<p class=\"has-rouge-color has-st-2-font-size\">Ergonome<\/p>\n\t\t\t\t\t<p class=\"has-vert-color has-body-2-font-size\">Toujours motiv\u00e9 et pr\u00eat \u00e0 se lancer dans de nouveaux projets, J\u00e9r\u00f4me est un v\u00e9ritable passionn\u00e9 de recherche.<\/p>\n\t\t\t\t\t\t\t\t\t\t\t<a target=\"_blank\" class=\"equipe-links icon-linkedin-rouge\" href=\"https:\/\/www.linkedin.com\/in\/j%C3%A9r%C3%B4me-surmont-300942197\/\"><\/a>\n\t\t\t\t\t\t\t\t\t\t\t\t\t\t\t\t\t\t\t<\/div>\n\t\t\t\t\t\t\t<div class=\"equipe-thumb\">\n\t\t\t\t\t<img decoding=\"async\" src=\"https:\/\/ergocentre.fr\/wp-content\/uploads\/2024\/06\/Anne-Lise.png\">\n\t\t\t\t\t<h5 class=\"has-vert-color font-bold\">Anne-Lise Morice<\/h5>\n\t\t\t\t\t<p class=\"has-rouge-color has-st-2-font-size\">UX Designer<\/p>\n\t\t\t\t\t<p class=\"has-vert-color has-body-2-font-size\">Arm\u00e9e de son stylo magique, Anne lise concr\u00e9tise toutes vos id\u00e9es en solutions tangibles. <\/p>\n\t\t\t\t\t\t\t\t\t\t\t<a target=\"_blank\" class=\"equipe-links icon-linkedin-rouge\" href=\"https:\/\/www.linkedin.com\/in\/anne-lise-morice-753906182\/\"><\/a>\n\t\t\t\t\t\t\t\t\t\t\t\t\t\t\t\t\t\t\t<\/div>\n\t\t\t\t\t\t\t<div class=\"equipe-thumb\">\n\t\t\t\t\t<img decoding=\"async\" src=\"https:\/\/ergocentre.fr\/wp-content\/uploads\/2024\/06\/Benjamin.png\">\n\t\t\t\t\t<h5 class=\"has-vert-color font-bold\">Benjamin Brunet<\/h5>\n\t\t\t\t\t<p class=\"has-rouge-color has-st-2-font-size\">Doctorant en ergonomie. <\/p>\n\t\t\t\t\t<p class=\"has-vert-color has-body-2-font-size\">Co-direction avec l\u2019Universit\u00e9 de Paris Cit\u00e9 sur le projet ANR NewMob.<\/p>\n\t\t\t\t\t\t\t\t\t\t\t<a target=\"_blank\" class=\"equipe-links icon-linkedin-rouge\" href=\"https:\/\/www.linkedin.com\/in\/benjamin-brunet-b80997159\/\"><\/a>\n\t\t\t\t\t\t\t\t\t\t\t\t\t\t\t\t\t\t\t<\/div>\n\t\t\t\t\t\t\t<div class=\"equipe-thumb\">\n\t\t\t\t\t<img decoding=\"async\" src=\"https:\/\/ergocentre.fr\/wp-content\/uploads\/2024\/06\/Clara.png\">\n\t\t\t\t\t<h5 class=\"has-vert-color font-bold\">Clara Figueiredo<\/h5>\n\t\t\t\t\t<p class=\"has-rouge-color has-st-2-font-size\">Charg\u00e9e de Communication et Marketing digital<\/p>\n\t\t\t\t\t<p class=\"has-vert-color has-body-2-font-size\">Mise en place de strat\u00e9gies, gestion des r\u00e9seaux sociaux, d\u00e9veloppement de notre image de marque&nbsp;: Clara est la chef d&rsquo;orchestre de notre communication digitale<\/p>\n\t\t\t\t\t\t\t\t\t\t\t<a target=\"_blank\" class=\"equipe-links icon-linkedin-rouge\" href=\"https:\/\/www.linkedin.com\/in\/clara-figueiredo-b1a967180\/\"><\/a>\n\t\t\t\t\t\t\t\t\t\t\t\t\t\t\t\t\t\t\t<\/div>\n\t\t\t\t\t\t<\/div>\n<\/div>\n\n<div class=\"full-width has-jaune-background-color nos-offres-bg\">\n\t<div class=\"nos-offres container\">\n\t\t<h2 class=\"has-rouge-color font-medium\">Et peut-\u00eatre vous&nbsp;?<\/h2>\n\t\t<h2 class=\"has-rouge-color\">Nous sommes curieux de vous conna\u00eetre&nbsp;! N\u2019h\u00e9sitez pas \u00e0 nous contacter via notre page de recrutement.<\/h2>\n\t\t<div class=\"nos-offres-cta\">\n\t\t\t<a href=\"https:\/\/ergocentre.fr\/en\/recrutement\/\" class=\"wp-block-button__link has-vert-color\">Nous rejoindre<\/a>\n\t\t<\/div>\n\t<\/div>\n<\/div>\n<style>\n\t.nos-offres-bg { background-image: url(https:\/\/ergocentre.fr\/wp-content\/uploads\/2020\/09\/background-cta-1.png); }\n<\/style>\n\n<div class=\"slider-ergocentres\">\n\t<h4 class=\"has-vert-color font-bold\">L\u2019\u00e9quipe XXL&nbsp;: nos collaborations<\/h4>\n\t<p class=\"has-vert-color has-body-1-font-size\">En fonction des projets, nous sollicitons des partenaires acad\u00e9miques ou industriels, \u2028des designers de services ou des designers d\u2019outils&#8230;<\/p>\n\t\t\t<div class=\"slider slider-ergocentres-slider\">\n\t\t\t\t\t\t\t<div class=\"slider-inner slider-ergocentres-slider-inner\">\n\t\t\t\t\t<h3 class=\"has-rouge-color\">Une tool box utile \u00e0 chaque \u00e9tape du design thinking<\/h3>\n\t\t\t\t\t<img decoding=\"async\" src=\"https:\/\/ergocentre.fr\/wp-content\/uploads\/2020\/11\/Capture-de\u0301cran-2020-06-10-a\u0300-10.41.38.png\">\n\t\t\t\t<\/div>\n\t\t\t\t\t\t\t<div class=\"slider-inner slider-ergocentres-slider-inner\">\n\t\t\t\t\t<h3 class=\"has-rouge-color\">Une technologie 3D innovante pour nos exp\u00e9rimentations<\/h3>\n\t\t\t\t\t<img decoding=\"async\" src=\"https:\/\/ergocentre.fr\/wp-content\/uploads\/2020\/11\/108A7679-scaled-e1604675740405.jpg\">\n\t\t\t\t<\/div>\n\t\t\t\t\t\t\t<div class=\"slider-inner slider-ergocentres-slider-inner\">\n\t\t\t\t\t<h3 class=\"has-rouge-color\">L&rsquo;innovation par les services en r\u00e9gion Centre<\/h3>\n\t\t\t\t\t<img decoding=\"async\" src=\"https:\/\/ergocentre.fr\/wp-content\/uploads\/2020\/11\/Living-lab.png\">\n\t\t\t\t<\/div>\n\t\t\t\t\t\t\t<div class=\"slider-inner slider-ergocentres-slider-inner\">\n\t\t\t\t\t<h3 class=\"has-rouge-color\">Innovation et d\u00e9veloppement strat\u00e9gique en sant\u00e9<\/h3>\n\t\t\t\t\t<img decoding=\"async\" src=\"https:\/\/ergocentre.fr\/wp-content\/uploads\/2021\/04\/vecteezy_nurse-wearing-a-mask-and-blue-gloves-using-a-tablet-in-the-hospital_1901031-1-scaled.jpg\">\n\t\t\t\t<\/div>\n\t\t\t\t\t<\/div>\n\t\t<div class=\"slider-ergocentres-partenaire\">\n\t\t\t\t\t\t\t\t\t\t\t\t\t\t\t<div data-index=\"0\" class=\"slider-ergocentres-nav slider-ergocentres-nav-active\">\n\t\t\t\t\t\t<img decoding=\"async\" src=\"https:\/\/ergocentre.fr\/wp-content\/uploads\/2020\/11\/evoltBD-e1604424998478.jpg\">\n\t\t\t\t\t<\/div>\n\t\t\t\t\t\t\t\t\t\t\t\t\t\t\t\t\t\t\t\t<div data-index=\"1\" class=\"slider-ergocentres-nav\">\n\t\t\t\t\t\t<img decoding=\"async\" src=\"https:\/\/ergocentre.fr\/wp-content\/uploads\/2020\/11\/logo-movida-e1716977884939.jpg\">\n\t\t\t\t\t<\/div>\n\t\t\t\t\t\t\t\t\t\t\t\t\t\t\t\t\t\t\t\t<div data-index=\"2\" class=\"slider-ergocentres-nav\">\n\t\t\t\t\t\t<img decoding=\"async\" src=\"https:\/\/ergocentre.fr\/wp-content\/uploads\/2020\/11\/NekoeBD.jpg\">\n\t\t\t\t\t<\/div>\n\t\t\t\t\t\t\t\t\t\t\t\t\t\t\t\t\t\t\t\t<div data-index=\"3\" class=\"slider-ergocentres-nav\">\n\t\t\t\t\t\t<img decoding=\"async\" src=\"https:\/\/ergocentre.fr\/wp-content\/uploads\/2021\/04\/400JpgdpiLogoCropped-e1619602758942.jpg\">\n\t\t\t\t\t<\/div>\n\t\t\t\t\t\t\t\t\t\t\t\t\t<\/div>\n\t<\/div>","protected":false},"excerpt":{"rendered":"","protected":false},"author":1,"featured_media":0,"parent":0,"menu_order":0,"comment_status":"closed","ping_status":"closed","template":"","meta":{"om_disable_all_campaigns":false,"_mi_skip_tracking":false,"_monsterinsights_sitenote_active":false,"_monsterinsights_sitenote_note":"","_monsterinsights_sitenote_category":0},"yoast_head":"<!-- This site is optimized with the Yoast SEO plugin v21.5 - https:\/\/yoast.com\/wordpress\/plugins\/seo\/ -->\n<title>L&#039;\u00e9quipe - ergocentre<\/title>\n<meta name=\"robots\" content=\"index, follow, max-snippet:-1, max-image-preview:large, max-video-preview:-1\" \/>\n<link rel=\"canonical\" href=\"https:\/\/ergocentre.fr\/en\/l-equipe\/\" \/>\n<meta property=\"og:locale\" content=\"en_US\" \/>\n<meta property=\"og:type\" content=\"article\" \/>\n<meta property=\"og:title\" content=\"L&#039;\u00e9quipe - ergocentre\" \/>\n<meta property=\"og:url\" content=\"https:\/\/ergocentre.fr\/en\/l-equipe\/\" \/>\n<meta property=\"og:site_name\" content=\"ergocentre\" \/>\n<meta property=\"article:publisher\" content=\"https:\/\/www.facebook.com\/ergocentre\/\" \/>\n<meta property=\"article:modified_time\" content=\"2024-10-29T15:07:45+00:00\" \/>\n<meta name=\"twitter:card\" content=\"summary_large_image\" \/>\n<script type=\"application\/ld+json\" class=\"yoast-schema-graph\">{\"@context\":\"https:\/\/schema.org\",\"@graph\":[{\"@type\":\"WebPage\",\"@id\":\"https:\/\/ergocentre.fr\/l-equipe\/\",\"url\":\"https:\/\/ergocentre.fr\/l-equipe\/\",\"name\":\"L'\u00e9quipe - ergocentre\",\"isPartOf\":{\"@id\":\"https:\/\/ergocentre.fr\/#website\"},\"datePublished\":\"2020-08-27T12:19:44+00:00\",\"dateModified\":\"2024-10-29T15:07:45+00:00\",\"breadcrumb\":{\"@id\":\"https:\/\/ergocentre.fr\/l-equipe\/#breadcrumb\"},\"inLanguage\":\"en-US\",\"potentialAction\":[{\"@type\":\"ReadAction\",\"target\":[\"https:\/\/ergocentre.fr\/l-equipe\/\"]}]},{\"@type\":\"BreadcrumbList\",\"@id\":\"https:\/\/ergocentre.fr\/l-equipe\/#breadcrumb\",\"itemListElement\":[{\"@type\":\"ListItem\",\"position\":1,\"name\":\"Accueil\",\"item\":\"https:\/\/ergocentre.fr\/\"},{\"@type\":\"ListItem\",\"position\":2,\"name\":\"L&rsquo;\u00e9quipe\"}]},{\"@type\":\"WebSite\",\"@id\":\"https:\/\/ergocentre.fr\/#website\",\"url\":\"https:\/\/ergocentre.fr\/\",\"name\":\"ergocentre\",\"description\":\"Les sciences comportementales au service de l&#039;innovation\",\"publisher\":{\"@id\":\"https:\/\/ergocentre.fr\/#organization\"},\"potentialAction\":[{\"@type\":\"SearchAction\",\"target\":{\"@type\":\"EntryPoint\",\"urlTemplate\":\"https:\/\/ergocentre.fr\/?s={search_term_string}\"},\"query-input\":\"required name=search_term_string\"}],\"inLanguage\":\"en-US\"},{\"@type\":\"Organization\",\"@id\":\"https:\/\/ergocentre.fr\/#organization\",\"name\":\"ergocentre\",\"url\":\"https:\/\/ergocentre.fr\/\",\"logo\":{\"@type\":\"ImageObject\",\"inLanguage\":\"en-US\",\"@id\":\"https:\/\/ergocentre.fr\/#\/schema\/logo\/image\/\",\"url\":\"https:\/\/ergocentre.fr\/wp-content\/uploads\/2023\/11\/Logo_entier-WEB.png\",\"contentUrl\":\"https:\/\/ergocentre.fr\/wp-content\/uploads\/2023\/11\/Logo_entier-WEB.png\",\"width\":4962,\"height\":1350,\"caption\":\"ergocentre\"},\"image\":{\"@id\":\"https:\/\/ergocentre.fr\/#\/schema\/logo\/image\/\"},\"sameAs\":[\"https:\/\/www.facebook.com\/ergocentre\/\",\"https:\/\/www.linkedin.com\/company\/ergocentre\/\"]}]}<\/script>\n<!-- \/ Yoast SEO plugin. -->","yoast_head_json":{"title":"L'\u00e9quipe - ergocentre","robots":{"index":"index","follow":"follow","max-snippet":"max-snippet:-1","max-image-preview":"max-image-preview:large","max-video-preview":"max-video-preview:-1"},"canonical":"https:\/\/ergocentre.fr\/en\/l-equipe\/","og_locale":"en_US","og_type":"article","og_title":"L'\u00e9quipe - ergocentre","og_url":"https:\/\/ergocentre.fr\/en\/l-equipe\/","og_site_name":"ergocentre","article_publisher":"https:\/\/www.facebook.com\/ergocentre\/","article_modified_time":"2024-10-29T15:07:45+00:00","twitter_card":"summary_large_image","schema":{"@context":"https:\/\/schema.org","@graph":[{"@type":"WebPage","@id":"https:\/\/ergocentre.fr\/l-equipe\/","url":"https:\/\/ergocentre.fr\/l-equipe\/","name":"L'\u00e9quipe - ergocentre","isPartOf":{"@id":"https:\/\/ergocentre.fr\/#website"},"datePublished":"2020-08-27T12:19:44+00:00","dateModified":"2024-10-29T15:07:45+00:00","breadcrumb":{"@id":"https:\/\/ergocentre.fr\/l-equipe\/#breadcrumb"},"inLanguage":"en-US","potentialAction":[{"@type":"ReadAction","target":["https:\/\/ergocentre.fr\/l-equipe\/"]}]},{"@type":"BreadcrumbList","@id":"https:\/\/ergocentre.fr\/l-equipe\/#breadcrumb","itemListElement":[{"@type":"ListItem","position":1,"name":"Accueil","item":"https:\/\/ergocentre.fr\/"},{"@type":"ListItem","position":2,"name":"L&rsquo;\u00e9quipe"}]},{"@type":"WebSite","@id":"https:\/\/ergocentre.fr\/#website","url":"https:\/\/ergocentre.fr\/","name":"ergocentre","description":"Les sciences comportementales au service de l&#039;innovation","publisher":{"@id":"https:\/\/ergocentre.fr\/#organization"},"potentialAction":[{"@type":"SearchAction","target":{"@type":"EntryPoint","urlTemplate":"https:\/\/ergocentre.fr\/?s={search_term_string}"},"query-input":"required name=search_term_string"}],"inLanguage":"en-US"},{"@type":"Organization","@id":"https:\/\/ergocentre.fr\/#organization","name":"ergocentre","url":"https:\/\/ergocentre.fr\/","logo":{"@type":"ImageObject","inLanguage":"en-US","@id":"https:\/\/ergocentre.fr\/#\/schema\/logo\/image\/","url":"https:\/\/ergocentre.fr\/wp-content\/uploads\/2023\/11\/Logo_entier-WEB.png","contentUrl":"https:\/\/ergocentre.fr\/wp-content\/uploads\/2023\/11\/Logo_entier-WEB.png","width":4962,"height":1350,"caption":"ergocentre"},"image":{"@id":"https:\/\/ergocentre.fr\/#\/schema\/logo\/image\/"},"sameAs":["https:\/\/www.facebook.com\/ergocentre\/","https:\/\/www.linkedin.com\/company\/ergocentre\/"]}]}},"_links":{"self":[{"href":"https:\/\/ergocentre.fr\/en\/wp-json\/wp\/v2\/pages\/40"}],"collection":[{"href":"https:\/\/ergocentre.fr\/en\/wp-json\/wp\/v2\/pages"}],"about":[{"href":"https:\/\/ergocentre.fr\/en\/wp-json\/wp\/v2\/types\/page"}],"author":[{"embeddable":true,"href":"https:\/\/ergocentre.fr\/en\/wp-json\/wp\/v2\/users\/1"}],"replies":[{"embeddable":true,"href":"https:\/\/ergocentre.fr\/en\/wp-json\/wp\/v2\/comments?post=40"}],"version-history":[{"count":213,"href":"https:\/\/ergocentre.fr\/en\/wp-json\/wp\/v2\/pages\/40\/revisions"}],"predecessor-version":[{"id":23799,"href":"https:\/\/ergocentre.fr\/en\/wp-json\/wp\/v2\/pages\/40\/revisions\/23799"}],"wp:attachment":[{"href":"https:\/\/ergocentre.fr\/en\/wp-json\/wp\/v2\/media?parent=40"}],"curies":[{"name":"wp","href":"https:\/\/api.w.org\/{rel}","templated":true}]}}