{"id":13029,"date":"2022-12-13T15:56:00","date_gmt":"2022-12-13T15:56:00","guid":{"rendered":"https:\/\/ergocentre.fr\/?page_id=13029"},"modified":"2022-12-13T16:09:21","modified_gmt":"2022-12-13T16:09:21","slug":"sleeptips-avertissement","status":"publish","type":"page","link":"https:\/\/ergocentre.fr\/en\/sleeptips-avertissement\/","title":{"rendered":"Sleeptips&nbsp;: avertissement"},"content":{"rendered":"<p><strong>Avertissement et ressources externes<\/strong><\/p>\n\n\n\n<hr class=\"wp-block-separator has-text-color has-background has-blanc-background-color has-blanc-color\"\/>\n\n\n\n<p>Cette application a \u00e9t\u00e9 con\u00e7ue en partenariat avec des chercheurs universitaires fran\u00e7ais sp\u00e9cialistes du sommeil. Les conseils fournis dans l&rsquo;application sont repris de publications scientifiques que vous retrouverez sur les sites suivants&nbsp;: <\/p>\n\n\n\n<p><a href=\"https:\/\/www.sleepfoundation.org\/\">https:\/\/www.sleepfoundation.org\/<\/a><\/p>\n\n\n\n<p><a href=\"https:\/\/www.health.harvard.edu\/blog\/weekend-catch-up-sleep-wont-fix-the-effects-of-sleep-deprivation-on-your-waistline-2019092417861\">https:\/\/www.health.harvard.edu\/blog\/weekend-catch-up-sleep-wont-fix-the-effects-of-sleep-deprivation-on-your-waistline-2019092417861<\/a><\/p>\n\n\n\n<p><a href=\"https:\/\/sommeil.santelog.com\/\">https:\/\/sommeil.santelog.com\/<\/a><\/p>\n\n\n\n<p><a href=\"https:\/\/startsleeping.org\/\">https:\/\/startsleeping.org\/<\/a><br><\/p>\n\n\n\n<hr class=\"wp-block-separator has-text-color has-background has-blanc-background-color has-blanc-color\"\/>\n\n\n\n<p>Il est important de consulter votre m\u00e9decin avant de prendre une quelconque d\u00e9cision m\u00e9dicale. <\/p>\n\n\n\n<div style=\"height:131px\" aria-hidden=\"true\" class=\"wp-block-spacer\"><\/div>","protected":false},"excerpt":{"rendered":"<p>Avertissement et ressources externes Cette application a \u00e9t\u00e9 con\u00e7ue en partenariat avec des chercheurs universitaires fran\u00e7ais sp\u00e9cialistes du sommeil. Les conseils fournis dans l&rsquo;application sont repris de publications scientifiques que vous retrouverez sur les sites suivants&nbsp;: https:\/\/www.sleepfoundation.org\/ https:\/\/www.health.harvard.edu\/blog\/weekend-catch-up-sleep-wont-fix-the-effects-of-sleep-deprivation-on-your-waistline-2019092417861 https:\/\/sommeil.santelog.com\/ https:\/\/startsleeping.org\/ Il est important de consulter votre m\u00e9decin avant de prendre une quelconque d\u00e9cision m\u00e9dicale.<\/p>","protected":false},"author":4,"featured_media":0,"parent":0,"menu_order":0,"comment_status":"closed","ping_status":"closed","template":"","meta":{"om_disable_all_campaigns":false,"_mi_skip_tracking":false,"_monsterinsights_sitenote_active":false,"_monsterinsights_sitenote_note":"","_monsterinsights_sitenote_category":0},"yoast_head":"<!-- This site is optimized with the Yoast SEO plugin v21.5 - https:\/\/yoast.com\/wordpress\/plugins\/seo\/ -->\n<title>Sleeptips : avertissement - ergocentre<\/title>\n<meta name=\"robots\" content=\"index, follow, max-snippet:-1, max-image-preview:large, max-video-preview:-1\" \/>\n<link rel=\"canonical\" href=\"https:\/\/ergocentre.fr\/en\/sleeptips-avertissement\/\" \/>\n<meta property=\"og:locale\" content=\"en_US\" \/>\n<meta property=\"og:type\" content=\"article\" \/>\n<meta property=\"og:title\" content=\"Sleeptips : avertissement - ergocentre\" \/>\n<meta property=\"og:description\" content=\"Avertissement et ressources externes Cette application a \u00e9t\u00e9 con\u00e7ue en partenariat avec des chercheurs universitaires fran\u00e7ais sp\u00e9cialistes du sommeil. Les conseils fournis dans l&rsquo;application sont repris de publications scientifiques que vous retrouverez sur les sites suivants&nbsp;: https:\/\/www.sleepfoundation.org\/ https:\/\/www.health.harvard.edu\/blog\/weekend-catch-up-sleep-wont-fix-the-effects-of-sleep-deprivation-on-your-waistline-2019092417861 https:\/\/sommeil.santelog.com\/ https:\/\/startsleeping.org\/ Il est important de consulter votre m\u00e9decin avant de prendre une quelconque d\u00e9cision m\u00e9dicale.\" \/>\n<meta property=\"og:url\" content=\"https:\/\/ergocentre.fr\/en\/sleeptips-avertissement\/\" \/>\n<meta property=\"og:site_name\" content=\"ergocentre\" \/>\n<meta property=\"article:publisher\" content=\"https:\/\/www.facebook.com\/ergocentre\/\" \/>\n<meta property=\"article:modified_time\" content=\"2022-12-13T16:09:21+00:00\" \/>\n<meta name=\"twitter:card\" content=\"summary_large_image\" \/>\n<script type=\"application\/ld+json\" class=\"yoast-schema-graph\">{\"@context\":\"https:\/\/schema.org\",\"@graph\":[{\"@type\":\"WebPage\",\"@id\":\"https:\/\/ergocentre.fr\/sleeptips-avertissement\/\",\"url\":\"https:\/\/ergocentre.fr\/sleeptips-avertissement\/\",\"name\":\"Sleeptips : avertissement - ergocentre\",\"isPartOf\":{\"@id\":\"https:\/\/ergocentre.fr\/#website\"},\"datePublished\":\"2022-12-13T15:56:00+00:00\",\"dateModified\":\"2022-12-13T16:09:21+00:00\",\"breadcrumb\":{\"@id\":\"https:\/\/ergocentre.fr\/sleeptips-avertissement\/#breadcrumb\"},\"inLanguage\":\"en-US\",\"potentialAction\":[{\"@type\":\"ReadAction\",\"target\":[\"https:\/\/ergocentre.fr\/sleeptips-avertissement\/\"]}]},{\"@type\":\"BreadcrumbList\",\"@id\":\"https:\/\/ergocentre.fr\/sleeptips-avertissement\/#breadcrumb\",\"itemListElement\":[{\"@type\":\"ListItem\",\"position\":1,\"name\":\"Accueil\",\"item\":\"https:\/\/ergocentre.fr\/\"},{\"@type\":\"ListItem\",\"position\":2,\"name\":\"Sleeptips&nbsp;: avertissement\"}]},{\"@type\":\"WebSite\",\"@id\":\"https:\/\/ergocentre.fr\/#website\",\"url\":\"https:\/\/ergocentre.fr\/\",\"name\":\"ergocentre\",\"description\":\"Les sciences comportementales au service de l&#039;innovation\",\"publisher\":{\"@id\":\"https:\/\/ergocentre.fr\/#organization\"},\"potentialAction\":[{\"@type\":\"SearchAction\",\"target\":{\"@type\":\"EntryPoint\",\"urlTemplate\":\"https:\/\/ergocentre.fr\/?s={search_term_string}\"},\"query-input\":\"required name=search_term_string\"}],\"inLanguage\":\"en-US\"},{\"@type\":\"Organization\",\"@id\":\"https:\/\/ergocentre.fr\/#organization\",\"name\":\"ergocentre\",\"url\":\"https:\/\/ergocentre.fr\/\",\"logo\":{\"@type\":\"ImageObject\",\"inLanguage\":\"en-US\",\"@id\":\"https:\/\/ergocentre.fr\/#\/schema\/logo\/image\/\",\"url\":\"https:\/\/ergocentre.fr\/wp-content\/uploads\/2023\/11\/Logo_entier-WEB.png\",\"contentUrl\":\"https:\/\/ergocentre.fr\/wp-content\/uploads\/2023\/11\/Logo_entier-WEB.png\",\"width\":4962,\"height\":1350,\"caption\":\"ergocentre\"},\"image\":{\"@id\":\"https:\/\/ergocentre.fr\/#\/schema\/logo\/image\/\"},\"sameAs\":[\"https:\/\/www.facebook.com\/ergocentre\/\",\"https:\/\/www.linkedin.com\/company\/ergocentre\/\"]}]}<\/script>\n<!-- \/ Yoast SEO plugin. -->","yoast_head_json":{"title":"Sleeptips : avertissement - ergocentre","robots":{"index":"index","follow":"follow","max-snippet":"max-snippet:-1","max-image-preview":"max-image-preview:large","max-video-preview":"max-video-preview:-1"},"canonical":"https:\/\/ergocentre.fr\/en\/sleeptips-avertissement\/","og_locale":"en_US","og_type":"article","og_title":"Sleeptips : avertissement - ergocentre","og_description":"Avertissement et ressources externes Cette application a \u00e9t\u00e9 con\u00e7ue en partenariat avec des chercheurs universitaires fran\u00e7ais sp\u00e9cialistes du sommeil. Les conseils fournis dans l&rsquo;application sont repris de publications scientifiques que vous retrouverez sur les sites suivants&nbsp;: https:\/\/www.sleepfoundation.org\/ https:\/\/www.health.harvard.edu\/blog\/weekend-catch-up-sleep-wont-fix-the-effects-of-sleep-deprivation-on-your-waistline-2019092417861 https:\/\/sommeil.santelog.com\/ https:\/\/startsleeping.org\/ Il est important de consulter votre m\u00e9decin avant de prendre une quelconque d\u00e9cision m\u00e9dicale.","og_url":"https:\/\/ergocentre.fr\/en\/sleeptips-avertissement\/","og_site_name":"ergocentre","article_publisher":"https:\/\/www.facebook.com\/ergocentre\/","article_modified_time":"2022-12-13T16:09:21+00:00","twitter_card":"summary_large_image","schema":{"@context":"https:\/\/schema.org","@graph":[{"@type":"WebPage","@id":"https:\/\/ergocentre.fr\/sleeptips-avertissement\/","url":"https:\/\/ergocentre.fr\/sleeptips-avertissement\/","name":"Sleeptips : avertissement - ergocentre","isPartOf":{"@id":"https:\/\/ergocentre.fr\/#website"},"datePublished":"2022-12-13T15:56:00+00:00","dateModified":"2022-12-13T16:09:21+00:00","breadcrumb":{"@id":"https:\/\/ergocentre.fr\/sleeptips-avertissement\/#breadcrumb"},"inLanguage":"en-US","potentialAction":[{"@type":"ReadAction","target":["https:\/\/ergocentre.fr\/sleeptips-avertissement\/"]}]},{"@type":"BreadcrumbList","@id":"https:\/\/ergocentre.fr\/sleeptips-avertissement\/#breadcrumb","itemListElement":[{"@type":"ListItem","position":1,"name":"Accueil","item":"https:\/\/ergocentre.fr\/"},{"@type":"ListItem","position":2,"name":"Sleeptips&nbsp;: avertissement"}]},{"@type":"WebSite","@id":"https:\/\/ergocentre.fr\/#website","url":"https:\/\/ergocentre.fr\/","name":"ergocentre","description":"Les sciences comportementales au service de l&#039;innovation","publisher":{"@id":"https:\/\/ergocentre.fr\/#organization"},"potentialAction":[{"@type":"SearchAction","target":{"@type":"EntryPoint","urlTemplate":"https:\/\/ergocentre.fr\/?s={search_term_string}"},"query-input":"required name=search_term_string"}],"inLanguage":"en-US"},{"@type":"Organization","@id":"https:\/\/ergocentre.fr\/#organization","name":"ergocentre","url":"https:\/\/ergocentre.fr\/","logo":{"@type":"ImageObject","inLanguage":"en-US","@id":"https:\/\/ergocentre.fr\/#\/schema\/logo\/image\/","url":"https:\/\/ergocentre.fr\/wp-content\/uploads\/2023\/11\/Logo_entier-WEB.png","contentUrl":"https:\/\/ergocentre.fr\/wp-content\/uploads\/2023\/11\/Logo_entier-WEB.png","width":4962,"height":1350,"caption":"ergocentre"},"image":{"@id":"https:\/\/ergocentre.fr\/#\/schema\/logo\/image\/"},"sameAs":["https:\/\/www.facebook.com\/ergocentre\/","https:\/\/www.linkedin.com\/company\/ergocentre\/"]}]}},"_links":{"self":[{"href":"https:\/\/ergocentre.fr\/en\/wp-json\/wp\/v2\/pages\/13029"}],"collection":[{"href":"https:\/\/ergocentre.fr\/en\/wp-json\/wp\/v2\/pages"}],"about":[{"href":"https:\/\/ergocentre.fr\/en\/wp-json\/wp\/v2\/types\/page"}],"author":[{"embeddable":true,"href":"https:\/\/ergocentre.fr\/en\/wp-json\/wp\/v2\/users\/4"}],"replies":[{"embeddable":true,"href":"https:\/\/ergocentre.fr\/en\/wp-json\/wp\/v2\/comments?post=13029"}],"version-history":[{"count":18,"href":"https:\/\/ergocentre.fr\/en\/wp-json\/wp\/v2\/pages\/13029\/revisions"}],"predecessor-version":[{"id":13057,"href":"https:\/\/ergocentre.fr\/en\/wp-json\/wp\/v2\/pages\/13029\/revisions\/13057"}],"wp:attachment":[{"href":"https:\/\/ergocentre.fr\/en\/wp-json\/wp\/v2\/media?parent=13029"}],"curies":[{"name":"wp","href":"https:\/\/api.w.org\/{rel}","templated":true}]}}